{"id":37846,"date":"2025-03-18T14:28:27","date_gmt":"2025-03-18T14:28:27","guid":{"rendered":"https:\/\/www.idealteamcolombia.com\/trabaja-con-nosotros-landing\/"},"modified":"2025-10-22T16:02:45","modified_gmt":"2025-10-22T16:02:45","slug":"trabaja-con-nosotros","status":"publish","type":"page","link":"https:\/\/www.idealteamcolombia.com\/es\/trabaja-con-nosotros\/","title":{"rendered":"Trabaja con nosotros landing"},"content":{"rendered":"\t\t<div data-elementor-type=\"wp-page\" data-elementor-id=\"37846\" class=\"elementor elementor-37846 elementor-37119\" data-elementor-post-type=\"page\">\n\t\t\t\t<div class=\"elementor-element elementor-element-d6d79cd e-flex e-con-boxed e-con e-parent\" data-id=\"d6d79cd\" data-element_type=\"container\" data-e-type=\"container\">\n\t\t\t\t\t<div class=\"e-con-inner\">\n\t\t<div class=\"elementor-element elementor-element-0819957 e-con-full e-flex e-con e-child\" data-id=\"0819957\" data-element_type=\"container\" data-e-type=\"container\" data-settings=\"{&quot;background_background&quot;:&quot;classic&quot;}\">\n\t\t<div class=\"elementor-element elementor-element-b81141c e-con-full e-flex e-con e-child\" data-id=\"b81141c\" data-element_type=\"container\" data-e-type=\"container\">\n\t\t\t\t<div class=\"elementor-element elementor-element-cfa9271 elementor-widget elementor-widget-heading\" data-id=\"cfa9271\" data-element_type=\"widget\" data-e-type=\"widget\" data-widget_type=\"heading.default\">\n\t\t\t\t<div class=\"elementor-widget-container\">\n\t\t\t\t\t<span class=\"elementor-heading-title elementor-size-default\">- - - - - - - - - - - - - - - - -  &gt; &gt; &gt; &gt;<\/span>\t\t\t\t<\/div>\n\t\t\t\t<\/div>\n\t\t\t\t<div class=\"elementor-element elementor-element-906cb3c elementor-widget elementor-widget-heading\" data-id=\"906cb3c\" data-element_type=\"widget\" data-e-type=\"widget\" data-widget_type=\"heading.default\">\n\t\t\t\t<div class=\"elementor-widget-container\">\n\t\t\t\t\t<div class=\"elementor-heading-title elementor-size-default\">TRABAJA CON NOSOTROS<img src=\"https:\/\/idealteamcolombia.com\/wp-content\/uploads\/2025\/03\/estrella-e1742318009760-1.png\" class=\"star-mobile\"><\/div>\t\t\t\t<\/div>\n\t\t\t\t<\/div>\n\t\t\t\t<div class=\"elementor-element elementor-element-92ef699 elementor-widget elementor-widget-heading\" data-id=\"92ef699\" data-element_type=\"widget\" data-e-type=\"widget\" data-widget_type=\"heading.default\">\n\t\t\t\t<div class=\"elementor-widget-container\">\n\t\t\t\t\t<div class=\"elementor-heading-title elementor-size-default\">QUEREMOS CONOCER GENTE TALENTOSA QUE NOS AYUDE A LLEGAR A\u00daN<img src=\"https:\/\/idealteamcolombia.com\/wp-content\/uploads\/2025\/03\/mundo-4.png\" style=\"margin-top:-10px !important\" class=\"globo-mobile\">M\u00c1S LEJOS.<\/div>\t\t\t\t<\/div>\n\t\t\t\t<\/div>\n\t\t\t\t<\/div>\n\t\t<div class=\"elementor-element elementor-element-9785951 e-con-full e-flex e-con e-child\" data-id=\"9785951\" data-element_type=\"container\" data-e-type=\"container\" data-settings=\"{&quot;background_background&quot;:&quot;classic&quot;}\">\n\t\t\t\t<div class=\"elementor-element elementor-element-7d983bf general elementor-widget elementor-widget-heading\" data-id=\"7d983bf\" data-element_type=\"widget\" data-e-type=\"widget\" data-widget_type=\"heading.default\">\n\t\t\t\t<div class=\"elementor-widget-container\">\n\t\t\t\t\t<div class=\"elementor-heading-title elementor-size-default\"><div><img src=\"https:\/\/idealteamcolombia.com\/wp-content\/uploads\/2025\/03\/flecha.png\" class=\"flecha-mobile\"> &nbsp;&nbsp;NUESTRAS \u00c1REAS DE TRABAJO<\/div><\/div>\t\t\t\t<\/div>\n\t\t\t\t<\/div>\n\t\t\t\t<div class=\"elementor-element elementor-element-4171f5c general elementor-hidden-mobile elementor-widget elementor-widget-heading\" data-id=\"4171f5c\" data-element_type=\"widget\" data-e-type=\"widget\" data-widget_type=\"heading.default\">\n\t\t\t\t<div class=\"elementor-widget-container\">\n\t\t\t\t\t<div class=\"elementor-heading-title elementor-size-default\"><div class=\"general\">COMUNICACIONES | CREATIVO | AUDIOVISUAL | DESARROLLO WEB<\/div><\/div>\t\t\t\t<\/div>\n\t\t\t\t<\/div>\n\t\t\t\t<div class=\"elementor-element elementor-element-05bf856 general elementor-hidden-desktop elementor-hidden-tablet elementor-widget elementor-widget-heading\" data-id=\"05bf856\" data-element_type=\"widget\" data-e-type=\"widget\" data-widget_type=\"heading.default\">\n\t\t\t\t<div class=\"elementor-widget-container\">\n\t\t\t\t\t<div class=\"elementor-heading-title elementor-size-default\"><div class=\"general\">COMUNICACIONES | CREATIVO | AUDIOVISUAL <\/div><\/div>\t\t\t\t<\/div>\n\t\t\t\t<\/div>\n\t\t\t\t<div class=\"elementor-element elementor-element-886a13d general elementor-hidden-desktop elementor-hidden-tablet elementor-widget elementor-widget-heading\" data-id=\"886a13d\" data-element_type=\"widget\" data-e-type=\"widget\" data-widget_type=\"heading.default\">\n\t\t\t\t<div class=\"elementor-widget-container\">\n\t\t\t\t\t<div class=\"elementor-heading-title elementor-size-default\"><div class=\"general\"> DESARROLLO WEB <\/div><\/div>\t\t\t\t<\/div>\n\t\t\t\t<\/div>\n\t\t\t\t<div class=\"elementor-element elementor-element-e841fe0 elementor-widget elementor-widget-heading\" data-id=\"e841fe0\" data-element_type=\"widget\" data-e-type=\"widget\" data-widget_type=\"heading.default\">\n\t\t\t\t<div class=\"elementor-widget-container\">\n\t\t\t\t\t<div class=\"elementor-heading-title elementor-size-default\"><div style=\"text-transform: none\">Comp\u00e1rtenos tu CV y portafolio, despu\u00e9s, revisaremos tu informaci\u00f3n y si cumples con el perfil te citaremos a una entrevista virtual.<\/div><\/div>\t\t\t\t<\/div>\n\t\t\t\t<\/div>\n\t\t\t\t<div class=\"elementor-element elementor-element-e832d04 elementor-align-center te elementor-widget elementor-widget-button\" data-id=\"e832d04\" data-element_type=\"widget\" data-e-type=\"widget\" data-widget_type=\"button.default\">\n\t\t\t\t<div class=\"elementor-widget-container\">\n\t\t\t\t\t\t\t\t\t<div class=\"elementor-button-wrapper\">\n\t\t\t\t\t<a class=\"elementor-button elementor-button-link elementor-size-sm\" href=\"mailto:gestionhumana@idealteamcolombia.com\">\n\t\t\t\t\t\t<span class=\"elementor-button-content-wrapper\">\n\t\t\t\t\t\t\t\t\t<span class=\"elementor-button-text\">S\u00e9 parte del team<\/span>\n\t\t\t\t\t<\/span>\n\t\t\t\t\t<\/a>\n\t\t\t\t<\/div>\n\t\t\t\t\t\t\t\t<\/div>\n\t\t\t\t<\/div>\n\t\t\t\t<\/div>\n\t\t\t\t<\/div>\n\t\t\t\t\t<\/div>\n\t\t\t\t<\/div>\n\t\t\t\t<\/div>\n\t\t","protected":false},"excerpt":{"rendered":"<p>&#8211; &#8211; &#8211; &#8211; &#8211; &#8211; &#8211; &#8211; &#8211; &#8211; &#8211; &#8211; &#8211; &#8211; &#8211; &#8211; &#8211; &gt; &gt; &gt;&#8230;<\/p>\n","protected":false},"author":2,"featured_media":0,"parent":0,"menu_order":0,"comment_status":"closed","ping_status":"closed","template":"elementor_header_footer","meta":{"inline_featured_image":false,"footnotes":""},"class_list":["post-37846","page","type-page","status-publish"],"aioseo_notices":[],"_links":{"self":[{"href":"https:\/\/www.idealteamcolombia.com\/es\/wp-json\/wp\/v2\/pages\/37846","targetHints":{"allow":["GET"]}}],"collection":[{"href":"https:\/\/www.idealteamcolombia.com\/es\/wp-json\/wp\/v2\/pages"}],"about":[{"href":"https:\/\/www.idealteamcolombia.com\/es\/wp-json\/wp\/v2\/types\/page"}],"author":[{"embeddable":true,"href":"https:\/\/www.idealteamcolombia.com\/es\/wp-json\/wp\/v2\/users\/2"}],"replies":[{"embeddable":true,"href":"https:\/\/www.idealteamcolombia.com\/es\/wp-json\/wp\/v2\/comments?post=37846"}],"version-history":[{"count":0,"href":"https:\/\/www.idealteamcolombia.com\/es\/wp-json\/wp\/v2\/pages\/37846\/revisions"}],"wp:attachment":[{"href":"https:\/\/www.idealteamcolombia.com\/es\/wp-json\/wp\/v2\/media?parent=37846"}],"curies":[{"name":"wp","href":"https:\/\/api.w.org\/{rel}","templated":true}]}}