{"id":33883,"date":"2024-04-17T21:24:26","date_gmt":"2024-04-17T21:24:26","guid":{"rendered":"https:\/\/idealteamcolombia.com\/atraccion-clientes\/"},"modified":"2024-05-03T05:16:02","modified_gmt":"2024-05-03T05:16:02","slug":"atraccion-clientes-es","status":"publish","type":"page","link":"https:\/\/www.idealteamcolombia.com\/es\/atraccion-clientes-es\/","title":{"rendered":"Atracci\u00f3n Clientes-es"},"content":{"rendered":"<div class=\"wpb-content-wrapper\"><p>[vc_row disable_element=\u00bbyes\u00bb][vc_column thegem_shadow_color=\u00bbrgba(0,0,0,0.1)\u00bb thegem_shaow_blur=\u00bb20&#8243; thegem_enable_shadow=\u00bbtrue\u00bb css=\u00bb.vc_custom_1713803546736{background-color: #ffffff !important;}\u00bb][vc_row_inner equal_height=\u00bbyes\u00bb content_placement=\u00bbbottom\u00bb][vc_column_inner][vc_column_text]<strong>\u00bfTu mercado es hispanohablante y quieres transformar tu presencia en l\u00ednea? <\/strong><\/p>\n<p><span style=\"font-weight: 400;\">Descarga nuestro Ebook gratuito \u201cCreatividad en el mundo digital\u201d. Este recurso te brindar\u00e1 consejos pr\u00e1cticos y estrategias de creatividad que hemos usado en Ideal Team para alcanzar el \u00e9xito con campa\u00f1as de marketing digital.<\/span>[\/vc_column_text][vc_empty_space][\/vc_column_inner][\/vc_row_inner][vc_row_inner][vc_column_inner width=\u00bb1\/12&#8243;][\/vc_column_inner][vc_column_inner width=\u00bb5\/6&#8243;][vc_column_text]<b>\u00a1D\u00e9janos tus datos!<\/b>[\/vc_column_text]\n<div class=\"wpcf7 no-js\" id=\"wpcf7-f33796-o1\" lang=\"es-ES\" dir=\"ltr\" data-wpcf7-id=\"33796\">\n<div class=\"screen-reader-response\"><p role=\"status\" aria-live=\"polite\" aria-atomic=\"true\"><\/p> <ul><\/ul><\/div>\n<form action=\"\/es\/wp-json\/wp\/v2\/pages\/33883#wpcf7-f33796-o1\" method=\"post\" class=\"wpcf7-form init gem-contact-form-dark gem-contact-form-simple-line\" aria-label=\"Formulario de contacto\" novalidate=\"novalidate\" data-status=\"init\">\n<fieldset class=\"hidden-fields-container\"><input type=\"hidden\" name=\"_wpcf7\" value=\"33796\" \/><input type=\"hidden\" name=\"_wpcf7_version\" value=\"6.1.5\" \/><input type=\"hidden\" name=\"_wpcf7_locale\" value=\"es_ES\" \/><input type=\"hidden\" name=\"_wpcf7_unit_tag\" value=\"wpcf7-f33796-o1\" \/><input type=\"hidden\" name=\"_wpcf7_container_post\" value=\"0\" \/><input type=\"hidden\" name=\"_wpcf7_posted_data_hash\" value=\"\" \/>\n<\/fieldset>\n<label> Nombre: \n    <span class=\"wpcf7-form-control-wrap\" data-name=\"your-name\"><input size=\"40\" maxlength=\"400\" class=\"wpcf7-form-control wpcf7-text wpcf7-validates-as-required\" autocomplete=\"name\" aria-required=\"true\" aria-invalid=\"false\" value=\"\" type=\"text\" name=\"your-name\" \/><\/span> <\/label>\n\n<label> Cargo:  \n<span class=\"wpcf7-form-control-wrap\" data-name=\"Cargo\"><input size=\"40\" maxlength=\"400\" class=\"wpcf7-form-control wpcf7-text wpcf7-validates-as-required\" aria-required=\"true\" aria-invalid=\"false\" value=\"\" type=\"text\" name=\"Cargo\" \/><\/span><\/label>\n\n<label> Correo electr\u00f3nico: \n    <span class=\"wpcf7-form-control-wrap\" data-name=\"your-email\"><input size=\"40\" maxlength=\"400\" class=\"wpcf7-form-control wpcf7-email wpcf7-validates-as-required wpcf7-text wpcf7-validates-as-email\" autocomplete=\"email\" aria-required=\"true\" aria-invalid=\"false\" value=\"\" type=\"email\" name=\"your-email\" \/><\/span> <\/label>\n\n<label> Tipo de empresa:  \n    <span class=\"wpcf7-form-control-wrap\" data-name=\"your-subject\"><input size=\"40\" maxlength=\"400\" class=\"wpcf7-form-control wpcf7-text wpcf7-validates-as-required\" aria-required=\"true\" aria-invalid=\"false\" value=\"\" type=\"text\" name=\"your-subject\" \/><\/span> <\/label>\n\n<label>Sitio web de tu empresa: \n<span class=\"wpcf7-form-control-wrap\" data-name=\"Sitiowebdetuempresa:\"><input size=\"40\" maxlength=\"400\" class=\"wpcf7-form-control wpcf7-url wpcf7-validates-as-required wpcf7-text wpcf7-validates-as-url\" aria-required=\"true\" aria-invalid=\"false\" value=\"\" type=\"url\" name=\"Sitiowebdetuempresa:\" \/><\/span> <\/label>\n\n<label><br><br><p style=\"font-size: 10px; text-transform: none;\">*Al proporcionar tus datos, aceptas que podamos utilizarlo para enviarte informaci\u00f3n relevante sobre nuestros servicios. Respetamos tu privacidad y no compartiremos tus datos con terceros. Puedes cancelar tu suscripci\u00f3n en cualquier momento<\/p>\n<\/label>\n\n\n<div class=\"gem-button-container gem-button-position-fullwidth thegem-button-69f5615184a3f1120\"  ><input class=\"gem-button gem-button-size-medium gem-button-style-flat gem-button-text-weight-normal wpcf7-form-control wpcf7-submit has-spinner gem-button-wpcf-custom\" data-ll-effect=\"drop-right-without-wrap\" style=\"border-radius: 3px;background-color: #00bcd4;\" onmouseleave=\"this.style.backgroundColor='#00bcd4';\" onmouseenter=\"this.style.backgroundColor='#5f727f';\" id=\"\" tabindex=\"\" type=\"submit\" value=\"Enviar\" \/><\/div> <div class=\"wpcf7-response-output\" aria-hidden=\"true\"><\/div>\n<\/form>\n<\/div>\n[\/vc_column_inner][vc_column_inner width=\u00bb1\/12&#8243;][\/vc_column_inner][\/vc_row_inner][vc_empty_space height=\u00bb40px\u00bb][vc_column_text]<span style=\"font-weight: 400;\">La creatividad es la fuerza impulsora detr\u00e1s de la transformaci\u00f3n digital. En una industria donde hay tanta competencia, la capacidad de pensar creativamente marca la diferencia. <\/span><\/p>\n<div id=\"gtx-trans\" style=\"position: absolute; left: -143px; top: -15px;\">\n<div class=\"gtx-trans-icon\"><\/div>\n<\/div>\n<p>[\/vc_column_text][vc_btn title=\u00bbDescargar Ebook\u00bb style=\u00bboutline\u00bb shape=\u00bbround\u00bb color=\u00bbblack\u00bb align=\u00bbcenter\u00bb i_align=\u00bbright\u00bb i_icon_fontawesome=\u00bbfas fa-angle-right\u00bb add_icon=\u00bbtrue\u00bb link=\u00bburl:%23formulariou|\u00bb][vc_empty_space height=\u00bb40px\u00bb][\/vc_column][\/vc_row][vc_row][vc_column thegem_shadow_color=\u00bbrgba(0,0,0,0.1)\u00bb thegem_shaow_blur=\u00bb20&#8243; thegem_enable_shadow=\u00bbtrue\u00bb css=\u00bb.vc_custom_1713803546736{background-color: #ffffff !important;}\u00bb][vc_row_inner equal_height=\u00bbyes\u00bb content_placement=\u00bbbottom\u00bb el_id=\u00bbformulario\u00bb][vc_column_inner width=\u00bb1\/2&#8243;][vc_column_text]<strong>\u00bfTu mercado es hispanohablante y quieres transformar tu presencia en l\u00ednea? <\/strong><\/p>\n<p><span style=\"font-weight: 400;\">Descarga nuestro Ebook gratuito \u201cCreatividad en el mundo digital\u201d. Este recurso te brindar\u00e1 consejos pr\u00e1cticos y estrategias de creatividad que hemos usado en Ideal Team para alcanzar el \u00e9xito con campa\u00f1as de marketing digital.<\/span>[\/vc_column_text][vc_single_image image=\u00bb33879&#8243; img_size=\u00bb1000 x 825&#8243;][\/vc_column_inner][vc_column_inner width=\u00bb1\/2&#8243; css=\u00bb.vc_custom_1713558150865{padding-top: 0px !important;padding-left: 35px !important;}\u00bb tablet_padding_left=\u00bb21&#8243;][vc_column_text]<b>\u00a1D\u00e9janos tus datos!<\/b>[\/vc_column_text]\n<div class=\"wpcf7 no-js\" id=\"wpcf7-f33796-o2\" lang=\"es-ES\" dir=\"ltr\" data-wpcf7-id=\"33796\">\n<div class=\"screen-reader-response\"><p role=\"status\" aria-live=\"polite\" aria-atomic=\"true\"><\/p> <ul><\/ul><\/div>\n<form action=\"\/es\/wp-json\/wp\/v2\/pages\/33883#wpcf7-f33796-o2\" method=\"post\" class=\"wpcf7-form init gem-contact-form-dark gem-contact-form-simple-line\" aria-label=\"Formulario de contacto\" novalidate=\"novalidate\" data-status=\"init\">\n<fieldset class=\"hidden-fields-container\"><input type=\"hidden\" name=\"_wpcf7\" value=\"33796\" \/><input type=\"hidden\" name=\"_wpcf7_version\" value=\"6.1.5\" \/><input type=\"hidden\" name=\"_wpcf7_locale\" value=\"es_ES\" \/><input type=\"hidden\" name=\"_wpcf7_unit_tag\" value=\"wpcf7-f33796-o2\" \/><input type=\"hidden\" name=\"_wpcf7_container_post\" value=\"0\" \/><input type=\"hidden\" name=\"_wpcf7_posted_data_hash\" value=\"\" \/>\n<\/fieldset>\n<label> Nombre: \n    <span class=\"wpcf7-form-control-wrap\" data-name=\"your-name\"><input size=\"40\" maxlength=\"400\" class=\"wpcf7-form-control wpcf7-text wpcf7-validates-as-required\" autocomplete=\"name\" aria-required=\"true\" aria-invalid=\"false\" value=\"\" type=\"text\" name=\"your-name\" \/><\/span> <\/label>\n\n<label> Cargo:  \n<span class=\"wpcf7-form-control-wrap\" data-name=\"Cargo\"><input size=\"40\" maxlength=\"400\" class=\"wpcf7-form-control wpcf7-text wpcf7-validates-as-required\" aria-required=\"true\" aria-invalid=\"false\" value=\"\" type=\"text\" name=\"Cargo\" \/><\/span><\/label>\n\n<label> Correo electr\u00f3nico: \n    <span class=\"wpcf7-form-control-wrap\" data-name=\"your-email\"><input size=\"40\" maxlength=\"400\" class=\"wpcf7-form-control wpcf7-email wpcf7-validates-as-required wpcf7-text wpcf7-validates-as-email\" autocomplete=\"email\" aria-required=\"true\" aria-invalid=\"false\" value=\"\" type=\"email\" name=\"your-email\" \/><\/span> <\/label>\n\n<label> Tipo de empresa:  \n    <span class=\"wpcf7-form-control-wrap\" data-name=\"your-subject\"><input size=\"40\" maxlength=\"400\" class=\"wpcf7-form-control wpcf7-text wpcf7-validates-as-required\" aria-required=\"true\" aria-invalid=\"false\" value=\"\" type=\"text\" name=\"your-subject\" \/><\/span> <\/label>\n\n<label>Sitio web de tu empresa: \n<span class=\"wpcf7-form-control-wrap\" data-name=\"Sitiowebdetuempresa:\"><input size=\"40\" maxlength=\"400\" class=\"wpcf7-form-control wpcf7-url wpcf7-validates-as-required wpcf7-text wpcf7-validates-as-url\" aria-required=\"true\" aria-invalid=\"false\" value=\"\" type=\"url\" name=\"Sitiowebdetuempresa:\" \/><\/span> <\/label>\n\n<label><br><br><p style=\"font-size: 10px; text-transform: none;\">*Al proporcionar tus datos, aceptas que podamos utilizarlo para enviarte informaci\u00f3n relevante sobre nuestros servicios. Respetamos tu privacidad y no compartiremos tus datos con terceros. Puedes cancelar tu suscripci\u00f3n en cualquier momento<\/p>\n<\/label>\n\n\n<div class=\"gem-button-container gem-button-position-fullwidth thegem-button-69f56151852e48105\"  ><input class=\"gem-button gem-button-size-medium gem-button-style-flat gem-button-text-weight-normal wpcf7-form-control wpcf7-submit has-spinner gem-button-wpcf-custom\" data-ll-effect=\"drop-right-without-wrap\" style=\"border-radius: 3px;background-color: #00bcd4;\" onmouseleave=\"this.style.backgroundColor='#00bcd4';\" onmouseenter=\"this.style.backgroundColor='#5f727f';\" id=\"\" tabindex=\"\" type=\"submit\" value=\"Enviar\" \/><\/div> <div class=\"wpcf7-response-output\" aria-hidden=\"true\"><\/div>\n<\/form>\n<\/div>\n[\/vc_column_inner][\/vc_row_inner][vc_empty_space height=\u00bb40px\u00bb][vc_column_text]<span style=\"font-weight: 400;\">La creatividad es la fuerza impulsora detr\u00e1s de la transformaci\u00f3n digital. En una industria donde hay tanta competencia, la capacidad de pensar creativamente marca la diferencia. <\/span><\/p>\n<div id=\"gtx-trans\" style=\"position: absolute; left: -143px; top: -15px;\">\n<div class=\"gtx-trans-icon\"><\/div>\n<\/div>\n<p>[\/vc_column_text][vc_btn title=\u00bbDescargar Ebook\u00bb style=\u00bboutline\u00bb shape=\u00bbround\u00bb color=\u00bbblack\u00bb align=\u00bbcenter\u00bb i_align=\u00bbright\u00bb i_icon_fontawesome=\u00bbfas fa-angle-right\u00bb add_icon=\u00bbtrue\u00bb link=\u00bburl:%23formulario|\u00bb][vc_empty_space height=\u00bb40px\u00bb][\/vc_column][\/vc_row][vc_row][vc_column][vc_empty_space height=\u00bb40px\u00bb][\/vc_column][\/vc_row][vc_row][vc_column width=\u00bb1\/2&#8243;][vc_column_text]<\/p>\n<p style=\"text-align: left;\"><span style=\"font-weight: 400;\">En Ideal Team hemos logrado impulsar el \u00e9xito de marcas de diferentes industrias, salud, moda y entretenimiento, con estrategias que nacen del proceso creativo. <\/span><\/p>\n<p>[\/vc_column_text][vc_row_inner][vc_column_inner width=\u00bb1\/3&#8243;][vc_column_text]<\/p>\n<p style=\"text-align: center;\"><img class=\"alignnone size-medium wp-image-33793 aligncenter\" src=\"https:\/\/idealteamcolombia.com\/wp-content\/uploads\/2024\/04\/admin-ajax-modified-300x300.png\" alt=\"\" width=\"70\" height=\"70\" srcset=\"https:\/\/www.idealteamcolombia.com\/wp-content\/uploads\/2024\/04\/admin-ajax-modified-300x300.png 300w, https:\/\/www.idealteamcolombia.com\/wp-content\/uploads\/2024\/04\/admin-ajax-modified-150x150.png 150w, https:\/\/www.idealteamcolombia.com\/wp-content\/uploads\/2024\/04\/admin-ajax-modified-256x256.png 256w, https:\/\/www.idealteamcolombia.com\/wp-content\/uploads\/2024\/04\/admin-ajax-modified.png 327w\" sizes=\"(max-width: 70px) 100vw, 70px\" \/><span style=\"font-weight: 400;\">Investigamos a los p\u00fablicos<\/span><\/p>\n<div id=\"gtx-trans\" style=\"position: absolute; left: 493px; top: 101px;\">\n<div class=\"gtx-trans-icon\"><\/div>\n<\/div>\n<p>[\/vc_column_text][\/vc_column_inner][vc_column_inner width=\u00bb1\/3&#8243;][vc_column_text]<\/p>\n<p style=\"text-align: center;\"><img class=\"alignnone size-medium wp-image-33793 aligncenter\" src=\"https:\/\/idealteamcolombia.com\/wp-content\/uploads\/2024\/04\/admin-ajax-modified-300x300.png\" alt=\"\" width=\"70\" height=\"70\" srcset=\"https:\/\/www.idealteamcolombia.com\/wp-content\/uploads\/2024\/04\/admin-ajax-modified-300x300.png 300w, https:\/\/www.idealteamcolombia.com\/wp-content\/uploads\/2024\/04\/admin-ajax-modified-150x150.png 150w, https:\/\/www.idealteamcolombia.com\/wp-content\/uploads\/2024\/04\/admin-ajax-modified-256x256.png 256w, https:\/\/www.idealteamcolombia.com\/wp-content\/uploads\/2024\/04\/admin-ajax-modified.png 327w\" sizes=\"(max-width: 70px) 100vw, 70px\" \/><span style=\"font-weight: 400;\">Estimulamos nuestra curiosidad<\/span><\/p>\n<div id=\"gtx-trans\" style=\"position: absolute; left: 510px; top: 101px;\">\n<div class=\"gtx-trans-icon\"><\/div>\n<\/div>\n<p>[\/vc_column_text][\/vc_column_inner][vc_column_inner width=\u00bb1\/3&#8243;][vc_column_text]<\/p>\n<p style=\"text-align: center;\"><img class=\"alignnone size-medium wp-image-33793 aligncenter\" src=\"https:\/\/idealteamcolombia.com\/wp-content\/uploads\/2024\/04\/admin-ajax-modified-300x300.png\" alt=\"\" width=\"70\" height=\"70\" srcset=\"https:\/\/www.idealteamcolombia.com\/wp-content\/uploads\/2024\/04\/admin-ajax-modified-300x300.png 300w, https:\/\/www.idealteamcolombia.com\/wp-content\/uploads\/2024\/04\/admin-ajax-modified-150x150.png 150w, https:\/\/www.idealteamcolombia.com\/wp-content\/uploads\/2024\/04\/admin-ajax-modified-256x256.png 256w, https:\/\/www.idealteamcolombia.com\/wp-content\/uploads\/2024\/04\/admin-ajax-modified.png 327w\" sizes=\"(max-width: 70px) 100vw, 70px\" \/><span style=\"font-weight: 400;\">Observamos desde diferentes perspectivas <\/span><\/p>\n<div id=\"gtx-trans\" style=\"position: absolute; left: 506px; top: 101px;\">\n<div class=\"gtx-trans-icon\"><\/div>\n<\/div>\n<p>[\/vc_column_text][\/vc_column_inner][\/vc_row_inner][\/vc_column][vc_column width=\u00bb1\/2&#8243;][vc_raw_html]PGRpdiBzdHlsZT0icGFkZGluZzo1Ni4yNSUgMCAwIDA7cG9zaXRpb246cmVsYXRpdmU7Ij48aWZyYW1lIHNyYz0iaHR0cHM6Ly9wbGF5ZXIudmltZW8uY29tL3ZpZGVvLzU2MzQzMjkyNT9oPWExNGY0MmYxMDImYW1wO2JhZGdlPTAmYW1wO2F1dG9wYXVzZT0wJmFtcDtwbGF5ZXJfaWQ9MCZhbXA7YXBwX2lkPTU4NDc5IiBmcmFtZWJvcmRlcj0iMCIgYWxsb3c9ImF1dG9wbGF5OyBmdWxsc2NyZWVuOyBwaWN0dXJlLWluLXBpY3R1cmUiIGFsbG93ZnVsbHNjcmVlbj0iIiBzdHlsZT0icG9zaXRpb246YWJzb2x1dGU7dG9wOjA7bGVmdDowO3dpZHRoOjEwMCU7aGVpZ2h0OjEwMCU7IiB0aXRsZT0iQlJFQVNUIFJFRFVDVElPTiI+PC9pZnJhbWU+PC9kaXY+PHNjcmlwdCBzcmM9Imh0dHBzOi8vcGxheWVyLnZpbWVvLmNvbS9hcGkvcGxheWVyLmpzIj48L3NjcmlwdD4=[\/vc_raw_html][\/vc_column][\/vc_row][vc_row][vc_column thegem_shadow_color=\u00bbrgba(0,0,0,0.1)\u00bb thegem_shaow_horizontal=\u00bb\u00bb thegem_shaow_vertical=\u00bb\u00bb thegem_shaow_blur=\u00bb\u00bb thegem_shaow_spread=\u00bb\u00bb thegem_enable_shadow=\u00bbtrue\u00bb css=\u00bb.vc_custom_1713813231901{background-color: #ffffff !important;}\u00bb][vc_empty_space height=\u00bb30px\u00bb][vc_column_text]<\/p>\n<p style=\"text-align: center;\"><span style=\"font-weight: 400;\">\u00a1Da el siguiente paso para al futuro de tu negocio! Es momento de llevar tu marca a otro nivel.<\/span><\/p>\n<p>[\/vc_column_text][vc_btn title=\u00bbDescargar Ebook\u00bb style=\u00bboutline\u00bb shape=\u00bbround\u00bb color=\u00bbblack\u00bb align=\u00bbcenter\u00bb i_align=\u00bbright\u00bb i_icon_fontawesome=\u00bbfas fa-angle-right\u00bb add_icon=\u00bbtrue\u00bb link=\u00bburl:%23formulario|\u00bb][vc_empty_space height=\u00bb40px\u00bb][vc_column_text]<\/p>\n<p style=\"text-align: center;\"><a href=\"https:\/\/idealteamcolombia.com\/es\/\"><u>www.idealteamcolombia.com<\/u><\/a><\/p>\n<p>[\/vc_column_text][\/vc_column][\/vc_row]<\/p>\n<\/div>","protected":false},"excerpt":{"rendered":"<p>[vc_row disable_element=\u00bbyes\u00bb][vc_column thegem_shadow_color=\u00bbrgba(0,0,0,0.1)\u00bb thegem_shaow_blur=\u00bb20&#8243; thegem_enable_shadow=\u00bbtrue\u00bb css=\u00bb.vc_custom_1713803546736{background-color: #ffffff !important;}\u00bb][vc_row_inner equal_height=\u00bbyes\u00bb content_placement=\u00bbbottom\u00bb][vc_column_inner][vc_column_text]\u00bfTu mercado es hispanohablante y quieres transformar tu presencia en l\u00ednea?&#8230;<\/p>\n","protected":false},"author":2,"featured_media":0,"parent":0,"menu_order":0,"comment_status":"closed","ping_status":"closed","template":"","meta":{"inline_featured_image":false,"footnotes":""},"class_list":["post-33883","page","type-page","status-publish"],"aioseo_notices":[],"_links":{"self":[{"href":"https:\/\/www.idealteamcolombia.com\/es\/wp-json\/wp\/v2\/pages\/33883","targetHints":{"allow":["GET"]}}],"collection":[{"href":"https:\/\/www.idealteamcolombia.com\/es\/wp-json\/wp\/v2\/pages"}],"about":[{"href":"https:\/\/www.idealteamcolombia.com\/es\/wp-json\/wp\/v2\/types\/page"}],"author":[{"embeddable":true,"href":"https:\/\/www.idealteamcolombia.com\/es\/wp-json\/wp\/v2\/users\/2"}],"replies":[{"embeddable":true,"href":"https:\/\/www.idealteamcolombia.com\/es\/wp-json\/wp\/v2\/comments?post=33883"}],"version-history":[{"count":0,"href":"https:\/\/www.idealteamcolombia.com\/es\/wp-json\/wp\/v2\/pages\/33883\/revisions"}],"wp:attachment":[{"href":"https:\/\/www.idealteamcolombia.com\/es\/wp-json\/wp\/v2\/media?parent=33883"}],"curies":[{"name":"wp","href":"https:\/\/api.w.org\/{rel}","templated":true}]}}